{"id":2,"date":"2011-07-27T12:01:21","date_gmt":"2011-07-27T12:01:21","guid":{"rendered":"http:\/\/www.niederoesbern.de\/anthus\/?page_id=2"},"modified":"2013-02-01T20:08:30","modified_gmt":"2013-02-01T20:08:30","slug":"beispiel-seite","status":"publish","type":"page","link":"https:\/\/www.anthus.de\/?page_id=2","title":{"rendered":"Anthus"},"content":{"rendered":"<p>Die Zeitschrift <strong><span style=\"color: #800000;\">Anthus<\/span><\/strong> (&#8222;Ornithologische Sammelberichte aus Westfalen&#8220; ab 1971 &#8222;Ornithologische Beitr\u00e4ge aus Westfalen&#8220;) erschien von 1961 bis 1973 als vereinsunabh\u00e4ngiger Versuch, eine Austausch-Plattform der westf\u00e4lischen Feld-Ornithologen zu begr\u00fcnden. Dem ersten Heft haben die Herausgeber von 1961, Arno Bock, Horst Mester und Werner Pr\u00fcnte aus Fr\u00f6ndenberg a. d. Ruhr diese &#8222;Erkl\u00e4rung&#8220; vorangestellt:<\/p>\n<p><em>&#8222;Es soll mit diesen Heften der Versuch unternommen werden, der westf\u00e4lischen Ornithologie ihr eigenes Mitteilungsblatt zu geben. Uns geht es vor allem darum, ein Organ zu schaffen, das in erster Linie die Belange der Ornithologie in Westfalen vertritt und den Kontakt unter den hiesigen Vogelkundlern f\u00f6rdert. Dieses scheint uns gerade jetzt besonders wichtig, wo man sich bem\u00fcht, eine neue westf\u00e4lische Avifauna zu erstellen.<\/em><\/p>\n<p><em>Gewi\u00df werden es alle in unserem Lande t\u00e4tigen Vogelkundler begr\u00fc\u00dfen, wenn ihnen hiermit Raum zur Verf\u00fcgung steht, in dem die Ergebnisse ihrer faunistischen T\u00e4tigkeit oder Besch\u00e4ftigung mit anderen Gebieten der Ornithologie gesammelt werden k\u00f6nnen und den anderen Mitarbeitern m\u00f6glichst rasch zur Kenntnis gebracht werden.<\/em><\/p>\n<p><em>Gewand und Aufmachung der vorliegenden Schrift sind denkbar einfach. Ihr Erscheinen ist vorl\u00e4ufig noch unregelm\u00e4\u00dfig. Aber dennoch hoffen wir, da\u00df die Bl\u00e4tter ihren Zweck erf\u00fcllen werden.<\/em><\/p>\n<p><em>A. Bock\u00a0\u00a0\u00a0 H. Mester\u00a0\u00a0\u00a0 W. Pr\u00fcnte&#8220;<\/em><\/p>\n<p>(Anthus 1961, H. 1, S. 1)<\/p>\n<p>Trotz der unregelm\u00e4\u00dfigen Erscheinungsweise, den von 1963 bis 1965 ausgesetzten Jahrg\u00e4ngen und den gro\u00dfen Verz\u00f6gerungen bei der Auslieferung der Hefte brachte es der <span style=\"color: #800000;\"><strong>Anthus<\/strong><\/span> zwischen 1961 und 1973 auf 28 Hefte und 1004 Seiten ornithologischer Mitteilungen. Weitere Informationen finden Sie im <a href=\"http:\/\/www.anthus.de\/?page_id=56\">Heft-<\/a>, <a href=\"http:\/\/www.anthus.de\/?page_id=58\">Autoren-<\/a> und <a href=\"http:\/\/www.anthus.de\/?page_id=60\">Artenregister<\/a>.<\/p>\n","protected":false},"excerpt":{"rendered":"<p>Die Zeitschrift Anthus (&#8222;Ornithologische Sammelberichte aus Westfalen&#8220; ab 1971 &#8222;Ornithologische Beitr\u00e4ge aus Westfalen&#8220;) erschien von 1961 bis 1973 als vereinsunabh\u00e4ngiger Versuch, eine Austausch-Plattform der westf\u00e4lischen Feld-Ornithologen zu begr\u00fcnden. Dem ersten Heft haben die Herausgeber von 1961, Arno Bock, Horst Mester und Werner Pr\u00fcnte aus Fr\u00f6ndenberg a. d. Ruhr diese &#8222;Erkl\u00e4rung&#8220; vorangestellt: &#8222;Es soll mit diesen [&hellip;]<\/p>\n","protected":false},"author":1,"featured_media":0,"parent":0,"menu_order":3,"comment_status":"closed","ping_status":"closed","template":"","meta":{"footnotes":""},"class_list":["post-2","page","type-page","status-publish","hentry"],"_links":{"self":[{"href":"https:\/\/www.anthus.de\/index.php?rest_route=\/wp\/v2\/pages\/2","targetHints":{"allow":["GET"]}}],"collection":[{"href":"https:\/\/www.anthus.de\/index.php?rest_route=\/wp\/v2\/pages"}],"about":[{"href":"https:\/\/www.anthus.de\/index.php?rest_route=\/wp\/v2\/types\/page"}],"author":[{"embeddable":true,"href":"https:\/\/www.anthus.de\/index.php?rest_route=\/wp\/v2\/users\/1"}],"replies":[{"embeddable":true,"href":"https:\/\/www.anthus.de\/index.php?rest_route=%2Fwp%2Fv2%2Fcomments&post=2"}],"version-history":[{"count":43,"href":"https:\/\/www.anthus.de\/index.php?rest_route=\/wp\/v2\/pages\/2\/revisions"}],"predecessor-version":[{"id":6,"href":"https:\/\/www.anthus.de\/index.php?rest_route=\/wp\/v2\/pages\/2\/revisions\/6"}],"wp:attachment":[{"href":"https:\/\/www.anthus.de\/index.php?rest_route=%2Fwp%2Fv2%2Fmedia&parent=2"}],"curies":[{"name":"wp","href":"https:\/\/api.w.org\/{rel}","templated":true}]}}