{"id":383,"date":"2014-03-12T09:53:01","date_gmt":"2014-03-12T09:53:01","guid":{"rendered":"http:\/\/www.anthus.de\/?page_id=383"},"modified":"2017-07-28T10:16:29","modified_gmt":"2017-07-28T10:16:29","slug":"manuskriptedaten","status":"publish","type":"page","link":"https:\/\/www.anthus.de\/?page_id=383","title":{"rendered":"Manuskripte\/Daten"},"content":{"rendered":"<p>Die Herausgeber des Anthus haben im Zuge ihrer langj\u00e4hrig und intensiv betriebenen feldornithologischen Untersuchungen sehr umfangreiche Datensammlungen angelegt, die nur zu einem geringen Umfang ausgewertet und ver\u00f6ffentlicht worden sind.<\/p>\n<p>Bereits abgefasste aber nicht mehr fertiggestellte Manuskripte und umfangreiche Datenreihen sollen hier &#8211; abseits einer wissenschaftlichen Ver\u00f6ffentlichung &#8211; dem Interessierten zug\u00e4nglich gemacht werden, damit das gesammelte Datenmaterial f\u00fcr die \u00d6ffentlichkeit nicht verloren geht. Eine Autorisierung durch die Verfasser ist naturgem\u00e4\u00df nicht mehr m\u00f6glich &#8211; alle Arbeiten sind daher als revisionsbed\u00fcrftige Rohfassungen anzusehen.<\/p>\n<p>&nbsp;<\/p>\n<p><strong>Manuskripte:<\/strong><\/p>\n<p><a href=\"http:\/\/www.anthus.de\/?page_id=404\">Birkenzeisig\/Polarbirkenzeisig<\/a><\/p>\n<p><a href=\"http:\/\/www.anthus.de\/?page_id=406\">Eichelh\u00e4her Invasion 1996\/99<\/a><\/p>\n<p>&nbsp;<\/p>\n<p><strong>Weitere Ver\u00f6ffentlichungen<\/strong><\/p>\n<p><a href=\"http:\/\/www.anthus.de\/?page_id=532\">Wiesenweihen-Brutvorkommen<\/a><\/p>\n<p>Sie finden hier zudem die von Doris Glimm und Ralf Joest vorgenommene &#8222;<a href=\"http:\/\/www.anthus.de\/download\/wiesenweihe_hellwegboerde_1966_1992_kl.pdf\" target=\"_blank\">Dokumentation der Brutvorkommen und der Schutzma\u00dfnahmen f\u00fcr Nester der Wiesenweihe in der Hellwegb\u00f6rde 1966 bis 1992<\/a>&#8222;, die eine Bilanz der mehr als 25-j\u00e4hrigen Weihenschutzarbeit in der Hellwegb\u00f6rde unter Beteiligung heimischer Ornithologen zieht (<a href=\"http:\/\/www.anthus.de\/download\/wiesenweihe_hellwegboerde_1966_1992_kl.pdf\" target=\"_blank\">Download<\/a>).<\/p>\n<p>&nbsp;<\/p>\n<p>&nbsp;<\/p>\n<p>&nbsp;<\/p>\n<p>&nbsp;<\/p>\n","protected":false},"excerpt":{"rendered":"<p>Die Herausgeber des Anthus haben im Zuge ihrer langj\u00e4hrig und intensiv betriebenen feldornithologischen Untersuchungen sehr umfangreiche Datensammlungen angelegt, die nur zu einem geringen Umfang ausgewertet und ver\u00f6ffentlicht worden sind. Bereits abgefasste aber nicht mehr fertiggestellte Manuskripte und umfangreiche Datenreihen sollen hier &#8211; abseits einer wissenschaftlichen Ver\u00f6ffentlichung &#8211; dem Interessierten zug\u00e4nglich gemacht werden, damit das gesammelte [&hellip;]<\/p>\n","protected":false},"author":1,"featured_media":0,"parent":0,"menu_order":5,"comment_status":"closed","ping_status":"closed","template":"","meta":{"footnotes":""},"class_list":["post-383","page","type-page","status-publish","hentry"],"_links":{"self":[{"href":"https:\/\/www.anthus.de\/index.php?rest_route=\/wp\/v2\/pages\/383","targetHints":{"allow":["GET"]}}],"collection":[{"href":"https:\/\/www.anthus.de\/index.php?rest_route=\/wp\/v2\/pages"}],"about":[{"href":"https:\/\/www.anthus.de\/index.php?rest_route=\/wp\/v2\/types\/page"}],"author":[{"embeddable":true,"href":"https:\/\/www.anthus.de\/index.php?rest_route=\/wp\/v2\/users\/1"}],"replies":[{"embeddable":true,"href":"https:\/\/www.anthus.de\/index.php?rest_route=%2Fwp%2Fv2%2Fcomments&post=383"}],"version-history":[{"count":20,"href":"https:\/\/www.anthus.de\/index.php?rest_route=\/wp\/v2\/pages\/383\/revisions"}],"predecessor-version":[{"id":624,"href":"https:\/\/www.anthus.de\/index.php?rest_route=\/wp\/v2\/pages\/383\/revisions\/624"}],"wp:attachment":[{"href":"https:\/\/www.anthus.de\/index.php?rest_route=%2Fwp%2Fv2%2Fmedia&parent=383"}],"curies":[{"name":"wp","href":"https:\/\/api.w.org\/{rel}","templated":true}]}}